{"id":353,"date":"2019-03-29T08:25:20","date_gmt":"2019-03-29T08:25:20","guid":{"rendered":"http:\/\/www.stabhoch.ch\/?page_id=353"},"modified":"2019-03-29T08:28:32","modified_gmt":"2019-03-29T08:28:32","slug":"stab-end-zapfen","status":"publish","type":"page","link":"http:\/\/www.stabhoch.ch\/?page_id=353","title":{"rendered":"Stab-End-Zapfen"},"content":{"rendered":"\n<p>4 Stunden Notaufnahme oder CHF 2.90?<\/p>\n\n\n\n<figure class=\"wp-block-image is-resized\"><img loading=\"lazy\" src=\"http:\/\/www.stabhoch.ch\/wp-content\/uploads\/2019\/03\/S-14134.jpg\" alt=\"\" class=\"wp-image-349\" width=\"176\" height=\"132\" srcset=\"http:\/\/www.stabhoch.ch\/wp-content\/uploads\/2019\/03\/S-14134.jpg 704w, http:\/\/www.stabhoch.ch\/wp-content\/uploads\/2019\/03\/S-14134-300x225.jpg 300w\" sizes=\"(max-width: 176px) 100vw, 176px\" \/><\/figure>\n\n\n\n<p>Es geht um die Plastikkappen am oberen Ende des Stabes. 99% der Stabhochspringer k\u00fcmmern sich nicht darum, auch viele Profis. Das Risiko sich an den scharfen Kanten zu verletzen ist gering, aber wenn\u2026<\/p>\n\n\n\n<p>Bilder erspare ich Euch hier:<\/p>\n\n\n\n<ul><li>Dennis Yurchenko, Olympische Spiele Sydney 2000, Hodensack aufgerissen<\/li><li>Yoo-Suk-Kim, dito beim Training<\/li><li>Maksim Tarasov (PB 6.05) Kinn aufgerissen<\/li><li>Sandi Morris holt sich immer wieder eine Schramme, wenn sie das Stabende nach der Latten\u00fcberquerung streift, so auch bei Weltklasse Z\u00fcrich 2018.<\/li><\/ul>\n\n\n\n<p>Eine ehemalige Athletin meiner fr\u00fcheren Trainingsgruppe hat bei einer Vor\u00fcbung das Ende des Stabes an die Stirn bekommen, Platzwunde, daher die 4 Stunden Notaufnahme. Das Malheur w\u00e4re mit Stab-End-Zapfen nicht der Rede Wert gewesen, h\u00e4tte nicht einmal eine Beule gegeben.<\/p>\n\n\n\n<p>Die Enden der St\u00e4be sind in der Regel scharfkantig und bei \u00e4lteren, gebrauchten St\u00e4ben oft auch noch gezackt.<\/p>\n\n\n\n<p>Die St\u00e4be werden mit gutem Grund inklusive dieser Stab-End-Zapfen geliefert und man kann sie im gut sortierten Fachhandel auch nachbestellen.<\/p>\n\n\n\n<p>Abschliessend ein Tipp: Stab-End-Zapfen mit ein paar Tropfen Kontaktleim fixieren, dann fallen sie nicht so leicht ab.<\/p>\n","protected":false},"excerpt":{"rendered":"<div class=\"entry-summary\">\n4 Stunden Notaufnahme oder CHF 2.90? Es geht um die Plastikkappen am oberen Ende des Stabes. 99% der Stabhochspringer k\u00fcmmern sich nicht darum, auch viele Profis. Das Risiko sich an den scharfen Kanten zu verletzen ist gering, aber wenn\u2026 Bilder&hellip;\n<\/div>\n<div class=\"link-more\"><a href=\"http:\/\/www.stabhoch.ch\/?page_id=353\" class=\"more-link\">Continue reading<span class=\"screen-reader-text\"> &ldquo;Stab-End-Zapfen&rdquo;<\/span>&hellip;<\/a><\/div>\n","protected":false},"author":1,"featured_media":0,"parent":0,"menu_order":0,"comment_status":"closed","ping_status":"closed","template":"","meta":[],"_links":{"self":[{"href":"http:\/\/www.stabhoch.ch\/index.php?rest_route=\/wp\/v2\/pages\/353"}],"collection":[{"href":"http:\/\/www.stabhoch.ch\/index.php?rest_route=\/wp\/v2\/pages"}],"about":[{"href":"http:\/\/www.stabhoch.ch\/index.php?rest_route=\/wp\/v2\/types\/page"}],"author":[{"embeddable":true,"href":"http:\/\/www.stabhoch.ch\/index.php?rest_route=\/wp\/v2\/users\/1"}],"replies":[{"embeddable":true,"href":"http:\/\/www.stabhoch.ch\/index.php?rest_route=%2Fwp%2Fv2%2Fcomments&post=353"}],"version-history":[{"count":3,"href":"http:\/\/www.stabhoch.ch\/index.php?rest_route=\/wp\/v2\/pages\/353\/revisions"}],"predecessor-version":[{"id":359,"href":"http:\/\/www.stabhoch.ch\/index.php?rest_route=\/wp\/v2\/pages\/353\/revisions\/359"}],"wp:attachment":[{"href":"http:\/\/www.stabhoch.ch\/index.php?rest_route=%2Fwp%2Fv2%2Fmedia&parent=353"}],"curies":[{"name":"wp","href":"https:\/\/api.w.org\/{rel}","templated":true}]}}