{"id":642,"date":"2019-09-13T17:25:36","date_gmt":"2019-09-13T17:25:36","guid":{"rendered":"http:\/\/www.stabhoch.ch\/?page_id=642"},"modified":"2019-09-13T17:25:37","modified_gmt":"2019-09-13T17:25:37","slug":"sprunghoehen-mut-zur-kreativitaet","status":"publish","type":"page","link":"http:\/\/www.stabhoch.ch\/?page_id=642","title":{"rendered":"Sprungh\u00f6hen &#8211; Mut zur Kreativit\u00e4t"},"content":{"rendered":"<p>Folgendes Bild pr\u00e4sentiert sich bei Stabhochsprungwettk\u00e4mpfen oft:<\/p>\n<ul>\n<li>10-15 Teilnehmer;<\/li>\n<li>Niveauunterschiede von etwa 2 Metern (sprich Bestleistungen z.B. von 2.80m bis 4.80m);<\/li>\n<li>der Wettkampf wird mit Steigerungsh\u00f6hen von 10cm durchgef\u00fchrt;<\/li>\n<li>der Wettkampf dauert sehr lange;<\/li>\n<\/ul>\n<p>Folgt ein weiterer Stabhochsprungwettbewerb direkt anschliessend wird dessen Einspringen zu Lasten der Athleten zeitlich verk\u00fcrzt oder der Zeitplan verz\u00f6gert sich.<\/p>\n<p>Umst\u00e4nden dieser Art ist mit geschickt gew\u00e4hlten Sprungh\u00f6hen beizukommen.<\/p>\n<p>Klassisch wird die Sprungh\u00f6he um 10cm gesteigert. Daran wird einem Mantra gleich festgehalten. Man habe es &#8222;immer schon so gemacht&#8220; und 20cm-Schritte seien \u201enicht fair\u201c f\u00fcr die Kleinen\/die Jungen\/die Nichtsoguten.<\/p>\n<p>Zu Beginn eines Wettkampfes findet man ab und zu noch 20cm-Schritte vor. Diese erachte ich pers\u00f6nlich bei einigen Wettk\u00e4mpfen f\u00fcr gerechtfertigt:<\/p>\n<ul>\n<li>Schweizer Vereinsmeisterschaften, auf den ersten H\u00f6hen<\/li>\n<li>Team-SM, auf 1\/3 der H\u00f6hen<\/li>\n<li>Bei &#8222;normalen Meetings&#8220; bei M\u00e4nnern (also \u00fcber 20 Jahren) im Bereich bis 4.20 Meter; bei Frauen (ebenfalls \u00dc20) bis 3.40m;<\/li>\n<li>Im Nachwuchsbereich jeweils in Relation tiefer angesetzt (z.B. bis 2.80m oder 3.00m).<\/li>\n<\/ul>\n<p><strong>Wie gross w\u00e4re der Spielraum nach Reglement?<\/strong><\/p>\n<p>Das Reglement gibt vor, dass die Sprungh\u00f6hen grunds\u00e4tzlich um 5cm erh\u00f6ht werden m\u00fcssen und dass die jeweilige Erh\u00f6hung nicht gr\u00f6sser werden d\u00fcrfe; also nicht 10cm h\u00f6her, dann sp\u00e4ter 15cm h\u00f6her.<\/p>\n<p>Man darf also 20cm erh\u00f6hen, dann 15cm, dann 10cm, bis man schliesslich bei 5cm-Schritten ist, z.B. 3.20\/3.40\/3.55\/3.70\/3.80\/3.90\/3.95\/4.00m usw.<\/p>\n<p><strong>20cm-Schritte<\/strong> sind relativ brutal und ich verstehe, dass man diese Intervalle auf den Anfang eines Wettkampfes beschr\u00e4nkt, wo notwendig, und ansonsten nicht anwendet.<\/p>\n<p><strong>10cm-Schritte<\/strong> f\u00fchren zu einem langen Wettkampf. Auch weil ein Auslassen einer H\u00f6he direkt zu einem nicht gewollten 20cm-Schritt f\u00fchren w\u00fcrde. Weiter gibt es viele unerfahrene Athleten und Trainer, die nicht den Mut haben, eine H\u00f6he auszulassen und so ihre Athleten unz\u00e4hlige H\u00f6hen springen lassen. Das kann auch einmal das Ziel verfehlen. Auch der Anf\u00e4nger ist irgendwann m\u00fcde, nicht nur k\u00f6rperlich, sondern auch mental.<\/p>\n<p>Bei Erwachsenen habe ich weniger Verst\u00e4ndnis, wenn auf niedrigsten H\u00f6hen 10cm-Politik betrieben wird, derweil bessere Athleten zuwarten m\u00fcssen. Man stelle sich Sprinter vor, die zwischen Aufw\u00e4rmen und Wettkampf dazu verdammt w\u00fcrden, 1h zu warten. Die w\u00fcrden die H\u00fctte abfackeln.<\/p>\n<p><strong>15cm-Schritte<\/strong> sind meines Erachtens das am st\u00e4rksten vernachl\u00e4ssigte Instrument, einen Stabhochsprungwettkampf interessant, kurzweilig und fair zu gestalten.<\/p>\n<p>Es sind keine brutalen Schritte, wie 20cm-Schritte und der Wettkampf dauert nicht ewig lange, wie bei 10cm-Schritten. Mit 15cm-Schritten verk\u00fcrzt sich der Wettkampf rechnerisch und erfahrungsgem\u00e4ss um etwa \u00bc bis maximal 1\/3 der Zeit. Das bedeutet eine Zeitersparnis von 15 bis 20min pro Stunde. Gleichzeitig wird j\u00fcngeren Athleten zu ihrem Gl\u00fcck verholfen, indem sie in den H\u00f6hen z\u00fcgiger vorankommen und nicht zu viel Energie f\u00fcr zu viele H\u00f6he verwenden. Und es kommt oft eine H\u00f6he vor, welche eine pers\u00f6nliche Bestleistung bedeuten kann, weil nicht oft ungerade Sprungh\u00f6hen gesprungen werden (z.B. 3.75m, 4.25m)<\/p>\n<p><strong>Mut zur Kreativit\u00e4t<\/strong><\/p>\n<p>Jeder Wettkampf ist anders. Unterschiedliches Niveau, unterschiedliche Anzahl der Athleten.<\/p>\n<p>Das Kampfgericht ist aufgefordert, in R\u00fccksprache mit erfahrenen Trainern (hier ich, ich!!!) und Athleten die Sprungh\u00f6hen beginnend mit 20cm- oder 15cm-Schritten bis hin zu 10cm-Schritten festzulegen. Und wer wirklich kreativ ist, der baut auch einmal einen 12cm-Schritt oder einen 8cm-Schritt ein.<\/p>\n","protected":false},"excerpt":{"rendered":"<div class=\"entry-summary\">\nFolgendes Bild pr\u00e4sentiert sich bei Stabhochsprungwettk\u00e4mpfen oft: 10-15 Teilnehmer; Niveauunterschiede von etwa 2 Metern (sprich Bestleistungen z.B. von 2.80m bis 4.80m); der Wettkampf wird mit Steigerungsh\u00f6hen von 10cm durchgef\u00fchrt; der Wettkampf dauert sehr lange; Folgt ein weiterer Stabhochsprungwettbewerb direkt anschliessend&hellip;\n<\/div>\n<div class=\"link-more\"><a href=\"http:\/\/www.stabhoch.ch\/?page_id=642\" class=\"more-link\">Continue reading<span class=\"screen-reader-text\"> &ldquo;Sprungh\u00f6hen &#8211; Mut zur Kreativit\u00e4t&rdquo;<\/span>&hellip;<\/a><\/div>\n","protected":false},"author":1,"featured_media":0,"parent":0,"menu_order":0,"comment_status":"closed","ping_status":"closed","template":"","meta":[],"_links":{"self":[{"href":"http:\/\/www.stabhoch.ch\/index.php?rest_route=\/wp\/v2\/pages\/642"}],"collection":[{"href":"http:\/\/www.stabhoch.ch\/index.php?rest_route=\/wp\/v2\/pages"}],"about":[{"href":"http:\/\/www.stabhoch.ch\/index.php?rest_route=\/wp\/v2\/types\/page"}],"author":[{"embeddable":true,"href":"http:\/\/www.stabhoch.ch\/index.php?rest_route=\/wp\/v2\/users\/1"}],"replies":[{"embeddable":true,"href":"http:\/\/www.stabhoch.ch\/index.php?rest_route=%2Fwp%2Fv2%2Fcomments&post=642"}],"version-history":[{"count":1,"href":"http:\/\/www.stabhoch.ch\/index.php?rest_route=\/wp\/v2\/pages\/642\/revisions"}],"predecessor-version":[{"id":644,"href":"http:\/\/www.stabhoch.ch\/index.php?rest_route=\/wp\/v2\/pages\/642\/revisions\/644"}],"wp:attachment":[{"href":"http:\/\/www.stabhoch.ch\/index.php?rest_route=%2Fwp%2Fv2%2Fmedia&parent=642"}],"curies":[{"name":"wp","href":"https:\/\/api.w.org\/{rel}","templated":true}]}}