{"id":770,"date":"2020-09-13T09:27:13","date_gmt":"2020-09-13T09:27:13","guid":{"rendered":"http:\/\/www.stabhoch.ch\/?page_id=770"},"modified":"2020-09-13T10:59:11","modified_gmt":"2020-09-13T10:59:11","slug":"saucony-type-a9","status":"publish","type":"page","link":"http:\/\/www.stabhoch.ch\/?page_id=770","title":{"rendered":"Saucony Type A9"},"content":{"rendered":"\n<ul><li>Sprengung: 4mm<\/li><li>Sohlendicke: Ferse 17mm, Vorfuss 13mm<\/li><li>Direkte Verbindung zum Boden<\/li><li>Leicht<\/li><li>Schmal im Vorfuss<\/li><\/ul>\n\n\n\n<figure class=\"wp-block-image is-resized\"><img loading=\"lazy\" src=\"http:\/\/www.stabhoch.ch\/wp-content\/uploads\/2020\/09\/Saucony-Type-A9.jpg\" alt=\"\" class=\"wp-image-768\" width=\"403\" height=\"188\" srcset=\"http:\/\/www.stabhoch.ch\/wp-content\/uploads\/2020\/09\/Saucony-Type-A9.jpg 805w, http:\/\/www.stabhoch.ch\/wp-content\/uploads\/2020\/09\/Saucony-Type-A9-300x140.jpg 300w, http:\/\/www.stabhoch.ch\/wp-content\/uploads\/2020\/09\/Saucony-Type-A9-768x359.jpg 768w\" sizes=\"(max-width: 403px) 100vw, 403px\" \/><\/figure>\n\n\n\n<p>Zum Grund, weshalb ich diesen Schuh hier vorstelle, verweise ich auf den Titel &#8222;Bindeglied&#8220; etwas weiter unten. Zun\u00e4chst zu den Eigenschaften dieses Schuhmodells.<\/p>\n\n\n\n<p>Beim Einstieg merkt man, dieser Schuh ist eher klein (0.5 gr\u00f6sser bestellen) und schmal (auch wenn man 0.5 gr\u00f6sser bestellt). <\/p>\n\n\n\n<p>Einmal drin merkt man, wie direkt man mit dem Boden verbunden ist &#8211; Folge der nur 13mm d\u00fcnnen Sohle im Vorfussbereich. Ich kann mir vorstellen, dass f\u00fcr Mittel- und Langstreckler ein Bahntraining mit diesen Wettkampf-Schuhen, nahe an das Gef\u00fchl mit Nagelschuhen herankommt. Auch f\u00fcr Sprints ohne Nagelschuhe eine sehr gute Wahl, da der Halt im Schuh sehr gut ist. Das Modell hat keine Ecken oder Kanten, dr\u00fcckt also insbesondere im Achillessehnen-Bereich nicht.<\/p>\n\n\n\n<p>Alles in allem eine klare Empfehlung f\u00fcr einen leichten, schmalen, direkten Wettkampf- und Trainingsschuh.<\/p>\n\n\n\n<p>Angemerkt werden muss, dass der schmale Vorfussbereich nicht jederManns Sache sein wird. Da k\u00f6nnte der etwas breitere Saucony Fastwitch die bessere Wahl sein. Frauen, deren Fuss durch schmale Alltagsschuhe (leider) regelm\u00e4ssig gequetschter, sprich schmaler, daherkommt, d\u00fcrften sich hingegen in diesem Vorfussbereich sehr gut aufgehoben f\u00fchlen. <br><\/p>\n\n\n\n<p><strong>Bindeglied<\/strong><\/p>\n\n\n\n<p>Auf den Saucony Type A9 bin ich gestossen auf der Suche nach einem Bindeglied zwischen &#8222;normalen&#8220; Laufschuhen und &#8222;flachen&#8220; Trainings- und Barfussschuhen. Bei normalen Laufschuhen steht die Ferse 10-13mm h\u00f6her als der Fussballen. Diese Differenz wird &#8222;Sprengung&#8220; genannt (im Englischen: Drop). Warum das meines Erachtens anatomisch und gesundheitlich nicht ideal ist, dazu mehr in meinem ausf\u00fchrlichen <a href=\"http:\/\/www.stabhoch.ch\/?page_id=310\">Bericht<\/a>.<\/p>\n\n\n\n<p>Bei flachen Trainings- und Barfussschuhsen steht die Ferse gleich hoch wie der Vorfuss. <\/p>\n\n\n\n<p>Man kann auf dem Weg vom normalen Laufschuh zum flachen Trainingsschuh scheitern. Man sp\u00fcrt Schmerzen im Fussgelenk, Ziehen in den Waden usw. <\/p>\n\n\n\n<p>Dass die Ferse bei flachen Schuhen nicht mehr erh\u00f6ht steht, hat nicht nur zur Folge, dass der Fersenaufprall nicht mehr ged\u00e4mpft wird, es gibt noch eine viel einleuchternde Tatsache &#8211; die einfach erkl\u00e4rt und \u00fcberraschend einleuchtend ist:<\/p>\n\n\n\n<p>Wen die Ferse vom einen Tag auf den anderen 10-13mm &#8222;tiefer&#8220; steht, muss das durch die Anatomie ausgeglichen werden. Die Wade muss praktisch 10-13mm &#8222;l\u00e4nger werden.&#8220; Das muss man sich ganz deutlich vor Augen f\u00fchren. Wie lange sch\u00e4tzen Sie die Dauer, bis Sie einen Muskel ihres K\u00f6rpers 1cm l\u00e4nger gemacht h\u00e4tten? Wohl sehr, sehr lange. Deshalb ist der aprupte Wechsel von normalen Laufschuhen zu flachen Trainingsschuhen nichts, was vom einen auf den anderen Tag versucht werden sollte.<\/p>\n\n\n\n<p>Selbstverst\u00e4ndlich f\u00fchrt es, wenn die Ferse pl\u00f6tzlich 10-13mm tiefer steht auch zu Ver\u00e4nderungen im gesamten Beinapparat, in der H\u00fcftstellung, in der Ausrichtung der Wirbels\u00e4ule, wenn auch nicht so krass wie bei den Waden und im Fussgelenk.<\/p>\n\n\n\n<p>Es gilt also schrittweise vorzugehen, die Fersenerhh\u00f6he kontinuierlich zu reduzieren und hier kommen der Saucony Fastwitch und der hier getestete Saucony Type A9 ins Spiel. Beide Schuhe haben eine Sprengung von nur 4mm. Da ich noch keine Schuhe mit einer Sprengung von nur 2mm gefunden haben, sind sie quasi der letzte Schritt vom normalen Laufschuh zu flachen Schuhen.<\/p>\n\n\n\n<p>Als Vorstufe zu diesen beiden Saucony Modellen kann beispielsweise der Asics GEL-DS Trainer dienen, der mit einer Sprengung von 8mm das erste Bindeglied bilden kann. Ein Schuh, den ich selbst \u00fcber 10 Jahre gerne getragen habe &#8211; bevor ich mich damit zu besch\u00e4ftigen begann, was eigentlich gut w\u00e4re f\u00fcr die menschliche Anatomie. <\/p>\n\n\n\n<p>Seit knapp 3 Jahren trage ich nur noch flache Schuhe, im Sport die Modelle von Merrell. Tr\u00e4gt man am einen Fuss den Merell Bare Acess mit einer Sohlendicke von 17mm ohne Sprengung und am anderen Fuss den Saucony Type A9 mit einer 17mm\/13mm Sohle mit 4mm Sprengung, sp\u00fcrt man deutlich, wie einem im Type A9 die Ferse beim Lauf &#8222;entgegen kommt.&#8220; Genau umgekehrt wird es jemandem gehen, der am einen Fuss einen normalen Laufschuh und am deren den Type A9 tr\u00e4gt. Der Mensch ist eine feinf\u00fchlige \u00fcber Jahrtausende optimierte Maschine. 4mm Sprengung oder 0mm sind im wahrsten Sinne des Wortes zwei Paar Schuhe. <br><\/p>\n","protected":false},"excerpt":{"rendered":"<div class=\"entry-summary\">\nSprengung: 4mm Sohlendicke: Ferse 17mm, Vorfuss 13mm Direkte Verbindung zum Boden Leicht Schmal im Vorfuss Zum Grund, weshalb ich diesen Schuh hier vorstelle, verweise ich auf den Titel &#8222;Bindeglied&#8220; etwas weiter unten. Zun\u00e4chst zu den Eigenschaften dieses Schuhmodells. Beim Einstieg&hellip;\n<\/div>\n<div class=\"link-more\"><a href=\"http:\/\/www.stabhoch.ch\/?page_id=770\" class=\"more-link\">Continue reading<span class=\"screen-reader-text\"> &ldquo;Saucony Type A9&rdquo;<\/span>&hellip;<\/a><\/div>\n","protected":false},"author":1,"featured_media":0,"parent":0,"menu_order":0,"comment_status":"closed","ping_status":"closed","template":"","meta":[],"_links":{"self":[{"href":"http:\/\/www.stabhoch.ch\/index.php?rest_route=\/wp\/v2\/pages\/770"}],"collection":[{"href":"http:\/\/www.stabhoch.ch\/index.php?rest_route=\/wp\/v2\/pages"}],"about":[{"href":"http:\/\/www.stabhoch.ch\/index.php?rest_route=\/wp\/v2\/types\/page"}],"author":[{"embeddable":true,"href":"http:\/\/www.stabhoch.ch\/index.php?rest_route=\/wp\/v2\/users\/1"}],"replies":[{"embeddable":true,"href":"http:\/\/www.stabhoch.ch\/index.php?rest_route=%2Fwp%2Fv2%2Fcomments&post=770"}],"version-history":[{"count":5,"href":"http:\/\/www.stabhoch.ch\/index.php?rest_route=\/wp\/v2\/pages\/770\/revisions"}],"predecessor-version":[{"id":779,"href":"http:\/\/www.stabhoch.ch\/index.php?rest_route=\/wp\/v2\/pages\/770\/revisions\/779"}],"wp:attachment":[{"href":"http:\/\/www.stabhoch.ch\/index.php?rest_route=%2Fwp%2Fv2%2Fmedia&parent=770"}],"curies":[{"name":"wp","href":"https:\/\/api.w.org\/{rel}","templated":true}]}}