{"id":376,"date":"2019-04-08T15:18:09","date_gmt":"2019-04-08T15:18:09","guid":{"rendered":"http:\/\/www.stabhoch.ch\/?page_id=376"},"modified":"2019-04-08T16:02:32","modified_gmt":"2019-04-08T16:02:32","slug":"doping-ist-nicht-gleich-doping","status":"publish","type":"page","link":"https:\/\/www.stabhoch.ch\/?page_id=376","title":{"rendered":"Doping ist nicht gleich Doping"},"content":{"rendered":"\n<p>\u00abGenau!\u00bb, ruft Justin Gatlin. \u2013 <\/p>\n\n\n\n<p>&#8222;Ruhe auf den billigen Pl\u00e4tzen, Justin.&#8220; (Justin Gatlin hat als U20-Athlet mit Amphetamin gedopt und 2006 mit Testosteron)<\/p>\n\n\n\n<p>Es gibt Aufputschmittel (Amphetamine), Anabolika (Testosteron, Nandrolon, Wachstumshormone etc.) und illegale, die Sauerstoffkapazit\u00e4t des Blutes erh\u00f6hende Massnahmen (EPO, Eigenblutdoping etc.).<\/p>\n\n\n\n<p>F\u00fcr diejenigen Doping-Mittel, welche einen Effekt auf einen zeitlich beschr\u00e4nkten Horizont haben, ein paar Tage, Wochen, vielleicht Monate rechtfertigt sich eine Strafe von nur 2 Jahren f\u00fcr Erstt\u00e4ter (z.B. Aufputschmittel oder Eigenblutdoping). <\/p>\n\n\n\n<p>Nicht gerechtfertigt ist eine solche Strafe beispielsweise f\u00fcr Anabolika oder Gendoping. Anabolika ver\u00e4ndern den K\u00f6rper \u2013 und zwar bleibend. Wer seinem K\u00f6rper den Muskelwachstumsschub geimpft hat, wird diesen Zustand praktisch halten k\u00f6nnen, ohne Doping. Anabolika kurbeln das Wachstum der Muskeln an. Diese wachsen \u00fcber den genetisch vorgegeben &#8222;Plan&#8220; dieses K\u00f6rpers hinaus. Dasselbe passiert beim Einsatz von Myostatinblockern, die ein Gen ausschalten, welches das Muskelwachstum bremst.  Wer sich auf diese Weise gedopt hat, wird auch nach 2 Jahren Sperre von seinem Vergehen weiter profitieren. Vergleichbar einem Bankr\u00e4uber, der hinter Gitter muss, aber das Raubgeld sp\u00e4ter trotzdem gewinnbringend an der B\u00f6rse anlegen darf. Die B\u00f6rse ist in der Leichtathletik der Start an Meetings. <\/p>\n\n\n\n<p>Was hindert ein Wurftalent aus einem Ostblockstaat oder in S\u00fcdamerika oder in Afrika, ohne Aussicht anderswie einen besseren Lebensstatus zu erlangen, eine Dopingsperre zu riskieren, sagen wir im Alter von 19-22 Jahren, um danach noch 10 Jahre in der Diamond League Geld zu verdienen? <\/p>\n\n\n\n<p>Ein auf diese Weise gedopter Athlet lacht sich ins\nF\u00e4ustchen, wenn er wie der Bankr\u00e4uber den eigentlichen Gewinn (Kraftzuwachs)\nbehalten darf und nur 2 Jahre Sperre aufgebrummt bekommt. Auch Justin Gatlin\nlacht. Nur total 5 Jahre war er gesperrt (statt der urspr\u00fcnglich verh\u00e4ngten 2 +\n8 Jahre) und er verdiente ab 2010 wieder munter Start- und Preisgelder und\nkassierte Werbeeinnahmen (NIKE\u2019s got sympathy for the devil).<\/p>\n\n\n\n<p>In diesem Sinne w\u00e4re eine \u00dcberarbeitung der Dopingsanktionen\nanzustreben. <\/p>\n\n\n\n<p>Wie l\u00f6st man aber das Problem, dass jemand sich zum \u00abMutanten\u00bb pulverisiert hat? Man kann ihm die Muskeln und damit das Handlungspotential nicht entfernen. Da stellen sich dieselben Fragen, wie bei der Frage, wann ist ein Mensch zwischen Frau und Mann noch eine Frau? Die Antwort muss f\u00fcr mich in beiden F\u00e4llen gleich lauten, zum Schutz der Athleten. Wer Merkmale einer Abweichung von der Norm zeigt, hat keine Starterlaubnis. <\/p>\n\n\n\n<p>Wer also mit Anabolika gedopt hat, hat entsprechend keine Starterlaubnis mehr, weil er sich \u00fcber sein nat\u00fcrliches Potential hinaus \u00aberweitert\u00bb hat und damit nicht mehr \u00abderselbe\u00bb ist \u2013 und ein R\u00fcckg\u00e4ngigmachen nicht m\u00f6glich ist.<\/p>\n\n\n\n<p>Wer es ganz \u00absauber\u00bb machen will &#8211; sorry f\u00fcr die Anleitung, aber der Plan ist zu einfach, als das man ein Geheimnis darum machen m\u00fcsste -, der \u00abpausiert\u00bb nach der Kateogie U20 f\u00fcr 2 Jahre, sprich l\u00f6st keine Lizenz seines Landesverbands und ist damit nicht mehr registriert  &#8211; und wird nicht mehr kontrolliert-, und l\u00e4sst sich den notwendigen Stoff ausserhalb der Kontrollpools einf\u00fchren, 1 Jahr dopen, 1 Jahr wieder auf die Kontrollliste setzen lassen und nach 2 Jahren wieder als startberechtigter Mutant \u00e4h&#8230;Athlet antreten. Gegen ein solches Vorgehen kann man praktisch nicht vorgehen. Es gilt die alte Weisheit: &#8222;Erwischt werden nur die Dummen.&#8220; (Sorry Justin).<\/p>\n\n\n<p><!--EndFragment--><\/p>\n<p><\/p>","protected":false},"excerpt":{"rendered":"<div class=\"entry-summary\">\n\u00abGenau!\u00bb, ruft Justin Gatlin. \u2013 &#8222;Ruhe auf den billigen Pl\u00e4tzen, Justin.&#8220; (Justin Gatlin hat als U20-Athlet mit Amphetamin gedopt und 2006 mit Testosteron) Es gibt Aufputschmittel (Amphetamine), Anabolika (Testosteron, Nandrolon, Wachstumshormone etc.) und illegale, die Sauerstoffkapazit\u00e4t des Blutes erh\u00f6hende Massnahmen&hellip;\n<\/div>\n<div class=\"link-more\"><a href=\"https:\/\/www.stabhoch.ch\/?page_id=376\" class=\"more-link\">Continue reading<span class=\"screen-reader-text\"> &ldquo;Doping ist nicht gleich Doping&rdquo;<\/span>&hellip;<\/a><\/div>\n","protected":false},"author":1,"featured_media":0,"parent":0,"menu_order":0,"comment_status":"closed","ping_status":"closed","template":"","meta":[],"_links":{"self":[{"href":"https:\/\/www.stabhoch.ch\/index.php?rest_route=\/wp\/v2\/pages\/376"}],"collection":[{"href":"https:\/\/www.stabhoch.ch\/index.php?rest_route=\/wp\/v2\/pages"}],"about":[{"href":"https:\/\/www.stabhoch.ch\/index.php?rest_route=\/wp\/v2\/types\/page"}],"author":[{"embeddable":true,"href":"https:\/\/www.stabhoch.ch\/index.php?rest_route=\/wp\/v2\/users\/1"}],"replies":[{"embeddable":true,"href":"https:\/\/www.stabhoch.ch\/index.php?rest_route=%2Fwp%2Fv2%2Fcomments&post=376"}],"version-history":[{"count":2,"href":"https:\/\/www.stabhoch.ch\/index.php?rest_route=\/wp\/v2\/pages\/376\/revisions"}],"predecessor-version":[{"id":381,"href":"https:\/\/www.stabhoch.ch\/index.php?rest_route=\/wp\/v2\/pages\/376\/revisions\/381"}],"wp:attachment":[{"href":"https:\/\/www.stabhoch.ch\/index.php?rest_route=%2Fwp%2Fv2%2Fmedia&parent=376"}],"curies":[{"name":"wp","href":"https:\/\/api.w.org\/{rel}","templated":true}]}}